{"id":61645,"date":"2025-07-28T12:53:31","date_gmt":"2025-07-28T12:53:31","guid":{"rendered":"https:\/\/malongogeorgia.com\/product\/colombie-igp-16-pods\/"},"modified":"2025-09-19T12:44:59","modified_gmt":"2025-09-19T12:44:59","slug":"colombie-igp-16-pods","status":"publish","type":"product","link":"https:\/\/malongogeorgia.com\/en\/product\/colombie-igp-16-pods\/","title":{"rendered":"COLOMBIE IGP 16 Pods"},"content":{"rendered":"<p style=\"text-align: center;\" data-start=\"86\" data-end=\"132\"><span style=\"font-size: 24pt;\"><strong data-start=\"86\" data-end=\"113\">\u10d9\u10dd\u10da\u10e3\u10db\u10d1\u10d8\u10d0 IGP \u2013 16 \u10de\u10dd\u10d3\u10d8<\/strong><\/span><br data-start=\"113\" data-end=\"116\" \/><span style=\"font-size: 24pt;\"><strong data-start=\"116\" data-end=\"132\">Colombie IGP<\/strong><\/span><\/p>\n<p style=\"text-align: center;\" data-start=\"134\" data-end=\"298\">\u10d4\u10e1 \u10e7\u10d0\u10d5\u10d0 \u10db\u10dd\u10f0\u10e7\u10d0\u10d5\u10d7 \u10db\u10ea\u10d8\u10e0\u10d4 \u10de\u10da\u10d0\u10dc\u10e2\u10d0\u10ea\u10d8\u10d4\u10d1\u10d6\u10d4, \u10d6\u10e6\u10d5\u10d8\u10e1 \u10d3\u10dd\u10dc\u10d8\u10d3\u10d0\u10dc 1200 \u10db\u10d4\u10e2\u10e0\u10d6\u10d4, \u10d9\u10dd\u10da\u10e3\u10db\u10d1\u10d8\u10d8\u10e1 \u10db\u10d0\u10e6\u10d0\u10da\u10db\u10d7\u10d8\u10d0\u10dc \u10de\u10da\u10d0\u10e2\u10dd\u10d4\u10d1\u10d6\u10d4. \u10db\u10e1\u10e3\u10d1\u10e3\u10e5\u10d8 \u10d3\u10d0 \u10e1\u10e0\u10d2\u10d5\u10d0\u10da\u10d8 \u10e1\u10ee\u10d4\u10e3\u10da\u10d8 \u10d8\u10d3\u10d4\u10d0\u10da\u10e3\u10e0\u10d0\u10d3 \u10d4\u10ee\u10d0\u10db\u10d4\u10d1\u10d0 \u10e0\u10eb\u10d8\u10d0\u10dc \u10d3\u10d0 \u10ee\u10d8\u10da\u10d8\u10e1 \u10d3\u10d4\u10e1\u10d4\u10e0\u10e2\u10d4\u10d1\u10e1.<\/p>\n<p style=\"text-align: center;\" data-start=\"300\" data-end=\"544\">\u10d9\u10dd\u10da\u10e3\u10db\u10d1\u10d8\u10d0\u10e8\u10d8, \u10e0\u10dd\u10d2\u10dd\u10e0\u10ea \u10d4\u10d9\u10d5\u10d0\u10e2\u10dd\u10e0\u10d8\u10e1 \u10e1\u10d8\u10d0\u10ee\u10da\u10dd\u10d5\u10d4\u10e1 \u10db\u10d3\u10d4\u10d1\u10d0\u10e0\u10d4 \u10e7\u10d5\u10d4\u10da\u10d0 \u10e0\u10d4\u10d2\u10d8\u10dd\u10dc\u10e8\u10d8, \u10ec\u10d4\u10da\u10d8\u10ec\u10d0\u10d3\u10e8\u10d8 \u10dd\u10e0\u10d8 \u10db\u10dd\u10e1\u10d0\u10d5\u10d0\u10da\u10d8\u10d0 \u2014 \u10d3\u10d8\u10d3\u10d8 \u10db\u10dd\u10e1\u10d0\u10d5\u10d0\u10da\u10d8 \u10dd\u10e5\u10e2\u10dd\u10db\u10d1\u10e0\u10d8\u10d3\u10d0\u10dc \u10d7\u10d4\u10d1\u10d4\u10e0\u10d5\u10da\u10d0\u10db\u10d3\u10d4 \u10d3\u10d0 \u10de\u10d0\u10e2\u10d0\u10e0\u10d0 \u2014 \u10db\u10d0\u10d8\u10e1\u10e1\u10d0 \u10d3\u10d0 \u10d8\u10d5\u10dc\u10d8\u10e1\u10e8\u10d8. \u10d4\u10e1 \u10e3\u10dc\u10d8\u10d9\u10d0\u10da\u10e3\u10e0\u10d8 \u10d7\u10d5\u10d8\u10e1\u10d4\u10d1\u10d0 \u10e1\u10d0\u10e8\u10e3\u10d0\u10da\u10d4\u10d1\u10d0\u10e1 \u10d0\u10eb\u10da\u10d4\u10d5\u10e1 \u10e5\u10d5\u10d4\u10e7\u10d0\u10dc\u10d0\u10e1 \u10d4\u10e5\u10e1\u10de\u10dd\u10e0\u10e2\u10d8 \u10ec\u10da\u10d8\u10e1 \u10dc\u10d4\u10d1\u10d8\u10e1\u10db\u10d8\u10d4\u10e0 \u10d3\u10e0\u10dd\u10e1 \u10d2\u10d0\u10d0\u10d9\u10d4\u10d7\u10dd\u10e1.<\/p>\n<p style=\"text-align: center;\" data-start=\"546\" data-end=\"685\">IGP (Indication G\u00e9ographique Prot\u00e9g\u00e9e) \u10dc\u10d8\u10e8\u10dc\u10d0\u10d5\u10e1 \u2014 <strong data-start=\"595\" data-end=\"626\">\u10d2\u10d4\u10dd\u10d2\u10e0\u10d0\u10e4\u10d8\u10e3\u10da\u10d8 \u10d0\u10e6\u10dc\u10d8\u10e8\u10d5\u10dc\u10d8\u10e1 \u10d3\u10d0\u10ea\u10d5\u10d0<\/strong>, \u10e0\u10d0\u10ea \u10d0\u10db\u10dd\u10d9\u10d8\u10d7\u10ee\u10d5\u10d8\u10d7 \u10d0\u10d3\u10d0\u10e1\u10e2\u10e3\u10e0\u10d4\u10d1\u10e1 \u10e7\u10d0\u10d5\u10d8\u10e1 \u10ec\u10d0\u10e0\u10db\u10dd\u10db\u10d0\u10d5\u10da\u10dd\u10d1\u10d0\u10e1 \u10d3\u10d0 \u10ee\u10d0\u10e0\u10d8\u10e1\u10ee\u10e1.<\/p>\n<p style=\"text-align: center;\" data-start=\"687\" data-end=\"751\"><strong data-start=\"687\" data-end=\"751\">\u10de\u10dd\u10d3\u10d4\u10d1\u10d8 \u10d7\u10d0\u10d5\u10e1\u10d4\u10d1\u10d0\u10d3\u10d8\u10d0 \u10db\u10ee\u10dd\u10da\u10dd\u10d3 Malongo 1,2,3 Spresso\u00ae \u10d0\u10de\u10d0\u10e0\u10d0\u10e2\u10d4\u10d1\u10d7\u10d0\u10dc.<img fetchpriority=\"high\" decoding=\"async\" class=\"attachment-slide size-slide\" src=\"https:\/\/www.malongo.com\/boutique\/modules\/prestatemplatev2\/page-builder\/wp-content\/uploads\/bandeau-colombie-2-1500x900.jpg\" sizes=\"(max-width: 1500px) 100vw, 1500px\" srcset=\"https:\/\/www.malongo.com\/boutique\/modules\/prestatemplatev2\/page-builder\/wp-content\/uploads\/bandeau-colombie-2-1500x900.jpg 1500w, https:\/\/www.malongo.com\/boutique\/modules\/prestatemplatev2\/page-builder\/wp-content\/uploads\/bandeau-colombie-2-1500x900-360x216.jpg 360w, https:\/\/www.malongo.com\/boutique\/modules\/prestatemplatev2\/page-builder\/wp-content\/uploads\/bandeau-colombie-2-1500x900-330x198.jpg 330w, https:\/\/www.malongo.com\/boutique\/modules\/prestatemplatev2\/page-builder\/wp-content\/uploads\/bandeau-colombie-2-1500x900-750x450.jpg 750w, https:\/\/www.malongo.com\/boutique\/modules\/prestatemplatev2\/page-builder\/wp-content\/uploads\/bandeau-colombie-2-1500x900-917x550.jpg 917w, https:\/\/www.malongo.com\/boutique\/modules\/prestatemplatev2\/page-builder\/wp-content\/uploads\/bandeau-colombie-2-1500x900-768x461.jpg 768w, https:\/\/www.malongo.com\/boutique\/modules\/prestatemplatev2\/page-builder\/wp-content\/uploads\/bandeau-colombie-2-1500x900-55x33.jpg 55w, https:\/\/www.malongo.com\/boutique\/modules\/prestatemplatev2\/page-builder\/wp-content\/uploads\/bandeau-colombie-2-1500x900-200x120.jpg 200w\" alt=\"bandeau colombie 2 1500\u00d7900\" width=\"1500\" height=\"900\" \/><\/strong><\/p>\n","protected":false},"excerpt":{"rendered":"<p><strong>\u10d4\u10dc\u10d4\u10e0\u10d2\u10d8\u10e3\u10da\u10dd\u10d1\u10d0<\/strong><\/p>\n<p><span style=\"color: #ff0000;\"><span class=\"icon-record\">\u00a0<\/span><span class=\"icon-record\">\u00a0<\/span><span class=\"icon-record\">\u00a0<span style=\"color: #000000;\"><span class=\"icon-record\">\u00a0<\/span><span class=\"icon-record\">\u00a0<\/span><\/span><\/span><\/span><\/p>\n<p><strong>\u10d0\u10e0\u10dd\u10db\u10d0\u10e2\u10d8\u10e1 \u10d8\u10dc\u10e2\u10d4\u10dc\u10e1\u10d8\u10e3\u10e0\u10dd\u10d1\u10d0<\/strong><\/p>\n<p><span style=\"color: #ff0000;\"><span class=\"icon-record\">\u00a0<\/span><span class=\"icon-record\">\u00a0<\/span><span class=\"icon-record\">\u00a0<span style=\"color: #000000;\"><span class=\"icon-record\">\u00a0<\/span><span class=\"icon-record\">\u00a0<\/span><\/span><\/span><\/span><\/p>\n<p><strong>\u10e1\u10d8\u10db\u10eb\u10da\u10d0\u10d5\u10e0\u10d4<\/strong><\/p>\n<p><span style=\"color: #ff0000;\"><span class=\"icon-record\">\u00a0<\/span><span class=\"icon-record\">\u00a0<\/span><span class=\"icon-record\">\u00a0<span style=\"color: #000000;\"><span class=\"icon-record\">\u00a0<\/span><span class=\"icon-record\">\u00a0<\/span><\/span><\/span><\/span><\/p>\n<p>&nbsp;<\/p>\n<p data-start=\"0\" data-end=\"85\"><strong data-start=\"0\" data-end=\"27\">\u10d9\u10dd\u10da\u10e3\u10db\u10d1\u10d8\u10d0 IGP \u2013 16 \u10de\u10dd\u10d3\u10d8<\/strong><br data-start=\"27\" data-end=\"30\" \/><strong data-start=\"30\" data-end=\"85\">\u10d9\u10dd\u10da\u10e3\u10db\u10d1\u10d8\u10d0 \u2013 \u10e1\u10d0\u10db\u10d0\u10e0\u10d7\u10da\u10d8\u10d0\u10dc\u10d8 \u10d5\u10d0\u10ed\u10e0\u10dd\u10d1\u10d0 (Commerce \u00e9quitable)<\/strong><\/p>\n<p data-start=\"87\" data-end=\"252\" data-is-last-node=\"\" data-is-only-node=\"\">\u10ee\u10d8\u10da\u10d8\u10e1\u10d4\u10d1\u10e0\u10d8 \u10d3\u10d0 \u10dc\u10d0\u10d6\u10d8 \u10e7\u10d0\u10d5\u10d0, \u10e0\u10dd\u10db\u10d4\u10da\u10d8\u10ea \u10d8\u10ec\u10d5\u10d4\u10d5\u10e1 \u10d0\u10e0\u10dd\u10db\u10d0\u10e2\u10e3\u10da \u10f0\u10d0\u10e0\u10db\u10dd\u10dc\u10d8\u10d0\u10e1 \u10db\u10d8\u10db\u10d6\u10d8\u10d3\u10d5\u10d4\u10da\u10d8 \u10ec\u10d8\u10d7\u10d4\u10da\u10d8 \u10ee\u10d8\u10da\u10d8\u10e1 \u10dc\u10dd\u10e2\u10d4\u10d1\u10d8\u10d7.<br data-start=\"177\" data-end=\"180\" \/>IGP: <strong data-start=\"185\" data-end=\"251\">\u10d2\u10d4\u10dd\u10d2\u10e0\u10d0\u10e4\u10d8\u10e3\u10da\u10d8 \u10d0\u10e6\u10dc\u10d8\u10e8\u10d5\u10dc\u10d8\u10e1 \u10d3\u10d0\u10ea\u10d5\u10d0 (Indication G\u00e9ographique Prot\u00e9g\u00e9e)<\/strong>.<\/p>\n","protected":false},"featured_media":61646,"comment_status":"open","ping_status":"closed","template":"","meta":[],"product_brand":[],"product_cat":[382,384],"product_tag":[],"class_list":{"0":"post-61645","1":"product","2":"type-product","3":"status-publish","4":"has-post-thumbnail","6":"product_cat-382","7":"product_cat-384","9":"first","10":"instock","11":"shipping-taxable","12":"purchasable","13":"product-type-simple"},"_links":{"self":[{"href":"https:\/\/malongogeorgia.com\/en\/wp-json\/wp\/v2\/product\/61645","targetHints":{"allow":["GET"]}}],"collection":[{"href":"https:\/\/malongogeorgia.com\/en\/wp-json\/wp\/v2\/product"}],"about":[{"href":"https:\/\/malongogeorgia.com\/en\/wp-json\/wp\/v2\/types\/product"}],"replies":[{"embeddable":true,"href":"https:\/\/malongogeorgia.com\/en\/wp-json\/wp\/v2\/comments?post=61645"}],"wp:featuredmedia":[{"embeddable":true,"href":"https:\/\/malongogeorgia.com\/en\/wp-json\/wp\/v2\/media\/61646"}],"wp:attachment":[{"href":"https:\/\/malongogeorgia.com\/en\/wp-json\/wp\/v2\/media?parent=61645"}],"wp:term":[{"taxonomy":"product_brand","embeddable":true,"href":"https:\/\/malongogeorgia.com\/en\/wp-json\/wp\/v2\/product_brand?post=61645"},{"taxonomy":"product_cat","embeddable":true,"href":"https:\/\/malongogeorgia.com\/en\/wp-json\/wp\/v2\/product_cat?post=61645"},{"taxonomy":"product_tag","embeddable":true,"href":"https:\/\/malongogeorgia.com\/en\/wp-json\/wp\/v2\/product_tag?post=61645"}],"curies":[{"name":"wp","href":"https:\/\/api.w.org\/{rel}","templated":true}]}}